{"id":2056,"date":"2020-11-09T13:29:58","date_gmt":"2020-11-09T13:29:58","guid":{"rendered":"https:\/\/wordpress-217325-1566182.cloudwaysapps.com\/member-register\/"},"modified":"2021-01-29T01:07:35","modified_gmt":"2021-01-29T01:07:35","slug":"member-register","status":"publish","type":"page","link":"https:\/\/www.polidesign.net\/en\/member-register\/","title":{"rendered":"Register"},"content":{"rendered":"\n<div id=\"register-form\" class=\"widecolumn\">\n\t<h3>New user registration<\/h3>\n\n\t\n\t<form id=\"signupform\" data-component=\"form-registrazione\" action=\"https:\/\/www.polidesign.net\/wp-login.php?action=register\" method=\"post\">\n\t\t<div class=\"form-row\">\n\t\t\t<div data-component=\"input_wrapper\" data-required>\n\t\t\t\t<label for=\"first_name\">First name<\/label>\n\t\t\t\t<input type=\"text\" name=\"first_name\" id=\"first-name\" required autocomplete=\"fname\">\n\t\t\t<\/div>\n\t\t<\/div>\n\n\t\t<div class=\"form-row\">\n\t\t\t<div data-component=\"input_wrapper\" data-required>\n\t\t\t\t<label for=\"last_name\">Last name<\/label>\n\t\t\t\t<input type=\"text\" name=\"last_name\" id=\"last-name\" required autocomplete=\"lname\">\n\t\t\t<\/div>\n\t\t<\/div>\n\n\t\t<div class=\"form-row\">\n\t\t\t<div data-component=\"input_wrapper\" data-required>\n\t\t\t\t<label for=\"birth-day\">Date of birth<\/label>\n\t\t\t\t\t\t\t\t<input type=\"text\" name=\"birth_day\" id=\"birth-day\" required max=\"2008-04-13\" autocomplete=\"bday\"\n\t\t\t\tonfocus=\"this.type='date';this.focus();\" \n\t\t\t\tonblur=\"if(this.value == '') this.type='text';\"\n\t\t\t\t>\n\t\t\t<\/div>\n\t\t<\/div>\n\n\t\t<div class=\"form-row\">\n\t\t\t<div data-component=\"input_wrapper\" data-required>\n\t\t\t\t<label for=\"country\">Country<\/label>\n\t\t\t\t\t\t\t\t<select name=\"country\" id=\"country\" required>\n\t\t\t\t\t<option disabled selected value=\"\">Select an option <\/option>\n\t\t\t\t\t\t\t\t\t\t\t<option value=\"AF\">Afghanistan<\/option>\n\t\t\t\t\t\t\t\t\t\t\t<option value=\"AX\">\u00c5land Islands<\/option>\n\t\t\t\t\t\t\t\t\t\t\t<option value=\"AL\">Albania<\/option>\n\t\t\t\t\t\t\t\t\t\t\t<option value=\"DZ\">Algeria<\/option>\n\t\t\t\t\t\t\t\t\t\t\t<option value=\"AS\">American Samoa<\/option>\n\t\t\t\t\t\t\t\t\t\t\t<option value=\"AD\">Andorra<\/option>\n\t\t\t\t\t\t\t\t\t\t\t<option value=\"AO\">Angola<\/option>\n\t\t\t\t\t\t\t\t\t\t\t<option value=\"AI\">Anguilla<\/option>\n\t\t\t\t\t\t\t\t\t\t\t<option value=\"AQ\">Antarctica<\/option>\n\t\t\t\t\t\t\t\t\t\t\t<option value=\"AG\">Antigua & Barbuda<\/option>\n\t\t\t\t\t\t\t\t\t\t\t<option value=\"AR\">Argentina<\/option>\n\t\t\t\t\t\t\t\t\t\t\t<option value=\"AM\">Armenia<\/option>\n\t\t\t\t\t\t\t\t\t\t\t<option value=\"AW\">Aruba<\/option>\n\t\t\t\t\t\t\t\t\t\t\t<option value=\"AU\">Australia<\/option>\n\t\t\t\t\t\t\t\t\t\t\t<option value=\"AT\">Austria<\/option>\n\t\t\t\t\t\t\t\t\t\t\t<option value=\"AZ\">Azerbaijan<\/option>\n\t\t\t\t\t\t\t\t\t\t\t<option value=\"BS\">Bahamas<\/option>\n\t\t\t\t\t\t\t\t\t\t\t<option value=\"BH\">Bahrain<\/option>\n\t\t\t\t\t\t\t\t\t\t\t<option value=\"BD\">Bangladesh<\/option>\n\t\t\t\t\t\t\t\t\t\t\t<option value=\"BB\">Barbados<\/option>\n\t\t\t\t\t\t\t\t\t\t\t<option value=\"BY\">Belarus<\/option>\n\t\t\t\t\t\t\t\t\t\t\t<option value=\"BE\">Belgium<\/option>\n\t\t\t\t\t\t\t\t\t\t\t<option value=\"BZ\">Belize<\/option>\n\t\t\t\t\t\t\t\t\t\t\t<option value=\"BJ\">Benin<\/option>\n\t\t\t\t\t\t\t\t\t\t\t<option value=\"BM\">Bermuda<\/option>\n\t\t\t\t\t\t\t\t\t\t\t<option value=\"BT\">Bhutan<\/option>\n\t\t\t\t\t\t\t\t\t\t\t<option value=\"BO\">Bolivia<\/option>\n\t\t\t\t\t\t\t\t\t\t\t<option value=\"BA\">Bosnia & Herzegovina<\/option>\n\t\t\t\t\t\t\t\t\t\t\t<option value=\"BW\">Botswana<\/option>\n\t\t\t\t\t\t\t\t\t\t\t<option value=\"BV\">Bouvet Island<\/option>\n\t\t\t\t\t\t\t\t\t\t\t<option value=\"BR\">Brazil<\/option>\n\t\t\t\t\t\t\t\t\t\t\t<option value=\"IO\">British Indian Ocean Territory<\/option>\n\t\t\t\t\t\t\t\t\t\t\t<option value=\"VG\">British Virgin Islands<\/option>\n\t\t\t\t\t\t\t\t\t\t\t<option value=\"BN\">Brunei<\/option>\n\t\t\t\t\t\t\t\t\t\t\t<option value=\"BG\">Bulgaria<\/option>\n\t\t\t\t\t\t\t\t\t\t\t<option value=\"BF\">Burkina Faso<\/option>\n\t\t\t\t\t\t\t\t\t\t\t<option value=\"BI\">Burundi<\/option>\n\t\t\t\t\t\t\t\t\t\t\t<option value=\"KH\">Cambodia<\/option>\n\t\t\t\t\t\t\t\t\t\t\t<option value=\"CM\">Cameroon<\/option>\n\t\t\t\t\t\t\t\t\t\t\t<option value=\"CA\">Canada<\/option>\n\t\t\t\t\t\t\t\t\t\t\t<option value=\"CV\">Cape Verde<\/option>\n\t\t\t\t\t\t\t\t\t\t\t<option value=\"BQ\">Caribbean Netherlands<\/option>\n\t\t\t\t\t\t\t\t\t\t\t<option value=\"KY\">Cayman Islands<\/option>\n\t\t\t\t\t\t\t\t\t\t\t<option value=\"CF\">Central African Republic<\/option>\n\t\t\t\t\t\t\t\t\t\t\t<option value=\"TD\">Chad<\/option>\n\t\t\t\t\t\t\t\t\t\t\t<option value=\"CL\">Chile<\/option>\n\t\t\t\t\t\t\t\t\t\t\t<option value=\"CN\">China<\/option>\n\t\t\t\t\t\t\t\t\t\t\t<option value=\"CX\">Christmas Island<\/option>\n\t\t\t\t\t\t\t\t\t\t\t<option value=\"CC\">Cocos (Keeling) Islands<\/option>\n\t\t\t\t\t\t\t\t\t\t\t<option value=\"CO\">Colombia<\/option>\n\t\t\t\t\t\t\t\t\t\t\t<option value=\"KM\">Comoros<\/option>\n\t\t\t\t\t\t\t\t\t\t\t<option value=\"CG\">Congo - Brazzaville<\/option>\n\t\t\t\t\t\t\t\t\t\t\t<option value=\"CD\">Congo - Kinshasa<\/option>\n\t\t\t\t\t\t\t\t\t\t\t<option value=\"CK\">Cook Islands<\/option>\n\t\t\t\t\t\t\t\t\t\t\t<option value=\"CR\">Costa Rica<\/option>\n\t\t\t\t\t\t\t\t\t\t\t<option value=\"CI\">C\u00f4te d\u2019Ivoire<\/option>\n\t\t\t\t\t\t\t\t\t\t\t<option value=\"HR\">Croatia<\/option>\n\t\t\t\t\t\t\t\t\t\t\t<option value=\"CU\">Cuba<\/option>\n\t\t\t\t\t\t\t\t\t\t\t<option value=\"CW\">Cura\u00e7ao<\/option>\n\t\t\t\t\t\t\t\t\t\t\t<option value=\"CY\">Cyprus<\/option>\n\t\t\t\t\t\t\t\t\t\t\t<option value=\"CZ\">Czechia<\/option>\n\t\t\t\t\t\t\t\t\t\t\t<option value=\"DK\">Denmark<\/option>\n\t\t\t\t\t\t\t\t\t\t\t<option value=\"DJ\">Djibouti<\/option>\n\t\t\t\t\t\t\t\t\t\t\t<option value=\"DM\">Dominica<\/option>\n\t\t\t\t\t\t\t\t\t\t\t<option value=\"DO\">Dominican Republic<\/option>\n\t\t\t\t\t\t\t\t\t\t\t<option value=\"EC\">Ecuador<\/option>\n\t\t\t\t\t\t\t\t\t\t\t<option value=\"EG\">Egypt<\/option>\n\t\t\t\t\t\t\t\t\t\t\t<option value=\"SV\">El Salvador<\/option>\n\t\t\t\t\t\t\t\t\t\t\t<option value=\"GQ\">Equatorial Guinea<\/option>\n\t\t\t\t\t\t\t\t\t\t\t<option value=\"ER\">Eritrea<\/option>\n\t\t\t\t\t\t\t\t\t\t\t<option value=\"EE\">Estonia<\/option>\n\t\t\t\t\t\t\t\t\t\t\t<option value=\"SZ\">Eswatini<\/option>\n\t\t\t\t\t\t\t\t\t\t\t<option value=\"ET\">Ethiopia<\/option>\n\t\t\t\t\t\t\t\t\t\t\t<option value=\"FK\">Falkland Islands<\/option>\n\t\t\t\t\t\t\t\t\t\t\t<option value=\"FO\">Faroe Islands<\/option>\n\t\t\t\t\t\t\t\t\t\t\t<option value=\"FJ\">Fiji<\/option>\n\t\t\t\t\t\t\t\t\t\t\t<option value=\"FI\">Finland<\/option>\n\t\t\t\t\t\t\t\t\t\t\t<option value=\"FR\">France<\/option>\n\t\t\t\t\t\t\t\t\t\t\t<option value=\"GF\">French Guiana<\/option>\n\t\t\t\t\t\t\t\t\t\t\t<option value=\"PF\">French Polynesia<\/option>\n\t\t\t\t\t\t\t\t\t\t\t<option value=\"TF\">French Southern Territories<\/option>\n\t\t\t\t\t\t\t\t\t\t\t<option value=\"GA\">Gabon<\/option>\n\t\t\t\t\t\t\t\t\t\t\t<option value=\"GM\">Gambia<\/option>\n\t\t\t\t\t\t\t\t\t\t\t<option value=\"GE\">Georgia<\/option>\n\t\t\t\t\t\t\t\t\t\t\t<option value=\"DE\">Germany<\/option>\n\t\t\t\t\t\t\t\t\t\t\t<option value=\"GH\">Ghana<\/option>\n\t\t\t\t\t\t\t\t\t\t\t<option value=\"GI\">Gibraltar<\/option>\n\t\t\t\t\t\t\t\t\t\t\t<option value=\"GR\">Greece<\/option>\n\t\t\t\t\t\t\t\t\t\t\t<option value=\"GL\">Greenland<\/option>\n\t\t\t\t\t\t\t\t\t\t\t<option value=\"GD\">Grenada<\/option>\n\t\t\t\t\t\t\t\t\t\t\t<option value=\"GP\">Guadeloupe<\/option>\n\t\t\t\t\t\t\t\t\t\t\t<option value=\"GU\">Guam<\/option>\n\t\t\t\t\t\t\t\t\t\t\t<option value=\"GT\">Guatemala<\/option>\n\t\t\t\t\t\t\t\t\t\t\t<option value=\"GG\">Guernsey<\/option>\n\t\t\t\t\t\t\t\t\t\t\t<option value=\"GN\">Guinea<\/option>\n\t\t\t\t\t\t\t\t\t\t\t<option value=\"GW\">Guinea-Bissau<\/option>\n\t\t\t\t\t\t\t\t\t\t\t<option value=\"GY\">Guyana<\/option>\n\t\t\t\t\t\t\t\t\t\t\t<option value=\"HT\">Haiti<\/option>\n\t\t\t\t\t\t\t\t\t\t\t<option value=\"HM\">Heard & McDonald Islands<\/option>\n\t\t\t\t\t\t\t\t\t\t\t<option value=\"HN\">Honduras<\/option>\n\t\t\t\t\t\t\t\t\t\t\t<option value=\"HK\">Hong Kong SAR China<\/option>\n\t\t\t\t\t\t\t\t\t\t\t<option value=\"HU\">Hungary<\/option>\n\t\t\t\t\t\t\t\t\t\t\t<option value=\"IS\">Iceland<\/option>\n\t\t\t\t\t\t\t\t\t\t\t<option value=\"IN\">India<\/option>\n\t\t\t\t\t\t\t\t\t\t\t<option value=\"ID\">Indonesia<\/option>\n\t\t\t\t\t\t\t\t\t\t\t<option value=\"IR\">Iran<\/option>\n\t\t\t\t\t\t\t\t\t\t\t<option value=\"IQ\">Iraq<\/option>\n\t\t\t\t\t\t\t\t\t\t\t<option value=\"IE\">Ireland<\/option>\n\t\t\t\t\t\t\t\t\t\t\t<option value=\"IM\">Isle of Man<\/option>\n\t\t\t\t\t\t\t\t\t\t\t<option value=\"IL\">Israel<\/option>\n\t\t\t\t\t\t\t\t\t\t\t<option value=\"IT\">Italy<\/option>\n\t\t\t\t\t\t\t\t\t\t\t<option value=\"JM\">Jamaica<\/option>\n\t\t\t\t\t\t\t\t\t\t\t<option value=\"JP\">Japan<\/option>\n\t\t\t\t\t\t\t\t\t\t\t<option value=\"JE\">Jersey<\/option>\n\t\t\t\t\t\t\t\t\t\t\t<option value=\"JO\">Jordan<\/option>\n\t\t\t\t\t\t\t\t\t\t\t<option value=\"KZ\">Kazakhstan<\/option>\n\t\t\t\t\t\t\t\t\t\t\t<option value=\"KE\">Kenya<\/option>\n\t\t\t\t\t\t\t\t\t\t\t<option value=\"KI\">Kiribati<\/option>\n\t\t\t\t\t\t\t\t\t\t\t<option value=\"KW\">Kuwait<\/option>\n\t\t\t\t\t\t\t\t\t\t\t<option value=\"KG\">Kyrgyzstan<\/option>\n\t\t\t\t\t\t\t\t\t\t\t<option value=\"LA\">Laos<\/option>\n\t\t\t\t\t\t\t\t\t\t\t<option value=\"LV\">Latvia<\/option>\n\t\t\t\t\t\t\t\t\t\t\t<option value=\"LB\">Lebanon<\/option>\n\t\t\t\t\t\t\t\t\t\t\t<option value=\"LS\">Lesotho<\/option>\n\t\t\t\t\t\t\t\t\t\t\t<option value=\"LR\">Liberia<\/option>\n\t\t\t\t\t\t\t\t\t\t\t<option value=\"LY\">Libya<\/option>\n\t\t\t\t\t\t\t\t\t\t\t<option value=\"LI\">Liechtenstein<\/option>\n\t\t\t\t\t\t\t\t\t\t\t<option value=\"LT\">Lithuania<\/option>\n\t\t\t\t\t\t\t\t\t\t\t<option value=\"LU\">Luxembourg<\/option>\n\t\t\t\t\t\t\t\t\t\t\t<option value=\"MO\">Macao SAR China<\/option>\n\t\t\t\t\t\t\t\t\t\t\t<option value=\"MG\">Madagascar<\/option>\n\t\t\t\t\t\t\t\t\t\t\t<option value=\"MW\">Malawi<\/option>\n\t\t\t\t\t\t\t\t\t\t\t<option value=\"MY\">Malaysia<\/option>\n\t\t\t\t\t\t\t\t\t\t\t<option value=\"MV\">Maldives<\/option>\n\t\t\t\t\t\t\t\t\t\t\t<option value=\"ML\">Mali<\/option>\n\t\t\t\t\t\t\t\t\t\t\t<option value=\"MT\">Malta<\/option>\n\t\t\t\t\t\t\t\t\t\t\t<option value=\"MH\">Marshall Islands<\/option>\n\t\t\t\t\t\t\t\t\t\t\t<option value=\"MQ\">Martinique<\/option>\n\t\t\t\t\t\t\t\t\t\t\t<option value=\"MR\">Mauritania<\/option>\n\t\t\t\t\t\t\t\t\t\t\t<option value=\"MU\">Mauritius<\/option>\n\t\t\t\t\t\t\t\t\t\t\t<option value=\"YT\">Mayotte<\/option>\n\t\t\t\t\t\t\t\t\t\t\t<option value=\"MX\">Mexico<\/option>\n\t\t\t\t\t\t\t\t\t\t\t<option value=\"FM\">Micronesia<\/option>\n\t\t\t\t\t\t\t\t\t\t\t<option value=\"MD\">Moldova<\/option>\n\t\t\t\t\t\t\t\t\t\t\t<option value=\"MC\">Monaco<\/option>\n\t\t\t\t\t\t\t\t\t\t\t<option value=\"MN\">Mongolia<\/option>\n\t\t\t\t\t\t\t\t\t\t\t<option value=\"ME\">Montenegro<\/option>\n\t\t\t\t\t\t\t\t\t\t\t<option value=\"MS\">Montserrat<\/option>\n\t\t\t\t\t\t\t\t\t\t\t<option value=\"MA\">Morocco<\/option>\n\t\t\t\t\t\t\t\t\t\t\t<option value=\"MZ\">Mozambique<\/option>\n\t\t\t\t\t\t\t\t\t\t\t<option value=\"MM\">Myanmar (Burma)<\/option>\n\t\t\t\t\t\t\t\t\t\t\t<option value=\"NA\">Namibia<\/option>\n\t\t\t\t\t\t\t\t\t\t\t<option value=\"NR\">Nauru<\/option>\n\t\t\t\t\t\t\t\t\t\t\t<option value=\"NP\">Nepal<\/option>\n\t\t\t\t\t\t\t\t\t\t\t<option value=\"NL\">Netherlands<\/option>\n\t\t\t\t\t\t\t\t\t\t\t<option value=\"NC\">New Caledonia<\/option>\n\t\t\t\t\t\t\t\t\t\t\t<option value=\"NZ\">New Zealand<\/option>\n\t\t\t\t\t\t\t\t\t\t\t<option value=\"NI\">Nicaragua<\/option>\n\t\t\t\t\t\t\t\t\t\t\t<option value=\"NE\">Niger<\/option>\n\t\t\t\t\t\t\t\t\t\t\t<option value=\"NG\">Nigeria<\/option>\n\t\t\t\t\t\t\t\t\t\t\t<option value=\"NU\">Niue<\/option>\n\t\t\t\t\t\t\t\t\t\t\t<option value=\"NF\">Norfolk Island<\/option>\n\t\t\t\t\t\t\t\t\t\t\t<option value=\"KP\">North Korea<\/option>\n\t\t\t\t\t\t\t\t\t\t\t<option value=\"MK\">North Macedonia<\/option>\n\t\t\t\t\t\t\t\t\t\t\t<option value=\"MP\">Northern Mariana Islands<\/option>\n\t\t\t\t\t\t\t\t\t\t\t<option value=\"NO\">Norway<\/option>\n\t\t\t\t\t\t\t\t\t\t\t<option value=\"OM\">Oman<\/option>\n\t\t\t\t\t\t\t\t\t\t\t<option value=\"PK\">Pakistan<\/option>\n\t\t\t\t\t\t\t\t\t\t\t<option value=\"PW\">Palau<\/option>\n\t\t\t\t\t\t\t\t\t\t\t<option value=\"PS\">Palestinian Territories<\/option>\n\t\t\t\t\t\t\t\t\t\t\t<option value=\"PA\">Panama<\/option>\n\t\t\t\t\t\t\t\t\t\t\t<option value=\"PG\">Papua New Guinea<\/option>\n\t\t\t\t\t\t\t\t\t\t\t<option value=\"PY\">Paraguay<\/option>\n\t\t\t\t\t\t\t\t\t\t\t<option value=\"PE\">Peru<\/option>\n\t\t\t\t\t\t\t\t\t\t\t<option value=\"PH\">Philippines<\/option>\n\t\t\t\t\t\t\t\t\t\t\t<option value=\"PN\">Pitcairn Islands<\/option>\n\t\t\t\t\t\t\t\t\t\t\t<option value=\"PL\">Poland<\/option>\n\t\t\t\t\t\t\t\t\t\t\t<option value=\"PT\">Portugal<\/option>\n\t\t\t\t\t\t\t\t\t\t\t<option value=\"PR\">Puerto Rico<\/option>\n\t\t\t\t\t\t\t\t\t\t\t<option value=\"QA\">Qatar<\/option>\n\t\t\t\t\t\t\t\t\t\t\t<option value=\"RE\">R\u00e9union<\/option>\n\t\t\t\t\t\t\t\t\t\t\t<option value=\"RO\">Romania<\/option>\n\t\t\t\t\t\t\t\t\t\t\t<option value=\"RU\">Russia<\/option>\n\t\t\t\t\t\t\t\t\t\t\t<option value=\"RW\">Rwanda<\/option>\n\t\t\t\t\t\t\t\t\t\t\t<option value=\"WS\">Samoa<\/option>\n\t\t\t\t\t\t\t\t\t\t\t<option value=\"SM\">San Marino<\/option>\n\t\t\t\t\t\t\t\t\t\t\t<option value=\"ST\">S\u00e3o Tom\u00e9 & Pr\u00edncipe<\/option>\n\t\t\t\t\t\t\t\t\t\t\t<option value=\"SA\">Saudi Arabia<\/option>\n\t\t\t\t\t\t\t\t\t\t\t<option value=\"SN\">Senegal<\/option>\n\t\t\t\t\t\t\t\t\t\t\t<option value=\"RS\">Serbia<\/option>\n\t\t\t\t\t\t\t\t\t\t\t<option value=\"SC\">Seychelles<\/option>\n\t\t\t\t\t\t\t\t\t\t\t<option value=\"SL\">Sierra Leone<\/option>\n\t\t\t\t\t\t\t\t\t\t\t<option value=\"SG\">Singapore<\/option>\n\t\t\t\t\t\t\t\t\t\t\t<option value=\"SX\">Sint Maarten<\/option>\n\t\t\t\t\t\t\t\t\t\t\t<option value=\"SK\">Slovakia<\/option>\n\t\t\t\t\t\t\t\t\t\t\t<option value=\"SI\">Slovenia<\/option>\n\t\t\t\t\t\t\t\t\t\t\t<option value=\"SB\">Solomon Islands<\/option>\n\t\t\t\t\t\t\t\t\t\t\t<option value=\"SO\">Somalia<\/option>\n\t\t\t\t\t\t\t\t\t\t\t<option value=\"ZA\">South Africa<\/option>\n\t\t\t\t\t\t\t\t\t\t\t<option value=\"GS\">South Georgia & South Sandwich Islands<\/option>\n\t\t\t\t\t\t\t\t\t\t\t<option value=\"KR\">South Korea<\/option>\n\t\t\t\t\t\t\t\t\t\t\t<option value=\"SS\">South Sudan<\/option>\n\t\t\t\t\t\t\t\t\t\t\t<option value=\"ES\">Spain<\/option>\n\t\t\t\t\t\t\t\t\t\t\t<option value=\"LK\">Sri Lanka<\/option>\n\t\t\t\t\t\t\t\t\t\t\t<option value=\"BL\">St. Barth\u00e9lemy<\/option>\n\t\t\t\t\t\t\t\t\t\t\t<option value=\"SH\">St. Helena<\/option>\n\t\t\t\t\t\t\t\t\t\t\t<option value=\"KN\">St. Kitts & Nevis<\/option>\n\t\t\t\t\t\t\t\t\t\t\t<option value=\"LC\">St. Lucia<\/option>\n\t\t\t\t\t\t\t\t\t\t\t<option value=\"MF\">St. Martin<\/option>\n\t\t\t\t\t\t\t\t\t\t\t<option value=\"PM\">St. Pierre & Miquelon<\/option>\n\t\t\t\t\t\t\t\t\t\t\t<option value=\"VC\">St. Vincent & Grenadines<\/option>\n\t\t\t\t\t\t\t\t\t\t\t<option value=\"SD\">Sudan<\/option>\n\t\t\t\t\t\t\t\t\t\t\t<option value=\"SR\">Suriname<\/option>\n\t\t\t\t\t\t\t\t\t\t\t<option value=\"SJ\">Svalbard & Jan Mayen<\/option>\n\t\t\t\t\t\t\t\t\t\t\t<option value=\"SE\">Sweden<\/option>\n\t\t\t\t\t\t\t\t\t\t\t<option value=\"CH\">Switzerland<\/option>\n\t\t\t\t\t\t\t\t\t\t\t<option value=\"SY\">Syria<\/option>\n\t\t\t\t\t\t\t\t\t\t\t<option value=\"TW\">Taiwan<\/option>\n\t\t\t\t\t\t\t\t\t\t\t<option value=\"TJ\">Tajikistan<\/option>\n\t\t\t\t\t\t\t\t\t\t\t<option value=\"TZ\">Tanzania<\/option>\n\t\t\t\t\t\t\t\t\t\t\t<option value=\"TH\">Thailand<\/option>\n\t\t\t\t\t\t\t\t\t\t\t<option value=\"TL\">Timor-Leste<\/option>\n\t\t\t\t\t\t\t\t\t\t\t<option value=\"TG\">Togo<\/option>\n\t\t\t\t\t\t\t\t\t\t\t<option value=\"TK\">Tokelau<\/option>\n\t\t\t\t\t\t\t\t\t\t\t<option value=\"TO\">Tonga<\/option>\n\t\t\t\t\t\t\t\t\t\t\t<option value=\"TT\">Trinidad & Tobago<\/option>\n\t\t\t\t\t\t\t\t\t\t\t<option value=\"TN\">Tunisia<\/option>\n\t\t\t\t\t\t\t\t\t\t\t<option value=\"TR\">Turkey<\/option>\n\t\t\t\t\t\t\t\t\t\t\t<option value=\"TM\">Turkmenistan<\/option>\n\t\t\t\t\t\t\t\t\t\t\t<option value=\"TC\">Turks & Caicos Islands<\/option>\n\t\t\t\t\t\t\t\t\t\t\t<option value=\"TV\">Tuvalu<\/option>\n\t\t\t\t\t\t\t\t\t\t\t<option value=\"UM\">U.S. Outlying Islands<\/option>\n\t\t\t\t\t\t\t\t\t\t\t<option value=\"VI\">U.S. Virgin Islands<\/option>\n\t\t\t\t\t\t\t\t\t\t\t<option value=\"UG\">Uganda<\/option>\n\t\t\t\t\t\t\t\t\t\t\t<option value=\"UA\">Ukraine<\/option>\n\t\t\t\t\t\t\t\t\t\t\t<option value=\"AE\">United Arab Emirates<\/option>\n\t\t\t\t\t\t\t\t\t\t\t<option value=\"GB\">United Kingdom<\/option>\n\t\t\t\t\t\t\t\t\t\t\t<option value=\"US\">United States<\/option>\n\t\t\t\t\t\t\t\t\t\t\t<option value=\"UY\">Uruguay<\/option>\n\t\t\t\t\t\t\t\t\t\t\t<option value=\"UZ\">Uzbekistan<\/option>\n\t\t\t\t\t\t\t\t\t\t\t<option value=\"VU\">Vanuatu<\/option>\n\t\t\t\t\t\t\t\t\t\t\t<option value=\"VA\">Vatican City<\/option>\n\t\t\t\t\t\t\t\t\t\t\t<option value=\"VE\">Venezuela<\/option>\n\t\t\t\t\t\t\t\t\t\t\t<option value=\"VN\">Vietnam<\/option>\n\t\t\t\t\t\t\t\t\t\t\t<option value=\"WF\">Wallis & Futuna<\/option>\n\t\t\t\t\t\t\t\t\t\t\t<option value=\"EH\">Western Sahara<\/option>\n\t\t\t\t\t\t\t\t\t\t\t<option value=\"YE\">Yemen<\/option>\n\t\t\t\t\t\t\t\t\t\t\t<option value=\"ZM\">Zambia<\/option>\n\t\t\t\t\t\t\t\t\t\t\t<option value=\"ZW\">Zimbabwe<\/option>\n\t\t\t\t\t\t\t\t\t<\/select>\n\t\t\t<\/div>\n\t\t<\/div>\n\n\t\t<div class=\"form-row\">\n\t\t\t<div data-component=\"input_wrapper\" data-required>\n\t\t\t\t<label for=\"qualification\">Educational qualification<\/label>\n\t\t\t\t\t\t\t\t<select name=\"qualification\" id=\"qualification\" required>\n\t\t\t\t\t<option disabled selected value=\"\">Select an option <\/option>\n\t\t\t\t\t\t\t\t\t\t\t<option value=\"high-school\">High School<\/option>\n\t\t\t\t\t\t\t\t\t\t\t<option value=\"degree\">Degree<\/option>\n\t\t\t\t\t\t\t\t\t<\/select>\n\t\t\t<\/div>\n\t\t<\/div>\n\n\t\t<div class=\"form-row\">\n\t\t\t<div data-component=\"input_wrapper\" data-required>\n\t\t\t\t<label for=\"university\">University attended <\/label>\n\t\t\t\t\t\t\t\t<select name=\"university\" id=\"university\" required>\n\t\t\t\t\t<option disabled selected value=\"\">Select an option <\/option>\n\t\t\t\t\t\t\t\t\t\t\t<option value=\"polimi\">Polimi<\/option>\n\t\t\t\t\t\t\t\t\t\t\t<option value=\"sapienza-universita-di-roma\">Sapienza - Universit\u00e0 di Roma<\/option>\n\t\t\t\t\t\n\t\t\t\t\t<option value=\"00other\">Other - fill in below <\/option>\n\t\t\t\t<\/select>\n\n\t\t\t\t<div data-component=\"complementary-field\">\n\t\t\t\t\t<div data-component=\"input_wrapper\">\n\t\t\t\t\t\t<label for=\"university_other\">More about <\/label>\n\t\t\t\t\t\t<input type=\"text\" name=\"university_other\" id=\"university_other\">\n\t\t\t\t\t<\/div>\n\t\t\t\t<\/div>\n\t\t\t<\/div>\n\t\t<\/div>\n\n\n\t\t<div class=\"form-row\" data-required>\n\t\t\t<div data-component=\"input_wrapper\" data-required>\n\t\t\t\t<label for=\"tel\">Phone number<\/label>\n\t\t\t\t<input type=\"tel\" name=\"tel\" id=\"tel\" required autocomplete=\"tel\">\n\t\t\t<\/div>\n\t\t<\/div>\n\n\t\t<div class=\"form-row\" data-required>\n\t\t\t<div data-component=\"input_wrapper\" data-required>\n\t\t\t\t<label for=\"email\">Email<\/label>\n\t\t\t\t<input type=\"email\" name=\"email\" id=\"email\" required autocomplete=\"email username\">\n\t\t\t<\/div>\n\t\t<\/div>\n\n\t\t<!-- <p class=\"form-row\">\n\t\t\tNote: Your password will be automatically generated and sent via the email specified above.\t\t<\/p> -->\n\n\t\t<div class=\"form-row\">\n\t\t\t<div data-component=\"input_wrapper\" data-required>\n\t\t\t\t<label for=\"pwd1\">Password <\/label>\n\t\t\t\t<input type=\"password\" name=\"pwd1\" id=\"pwd1\" class=\"input\" size=\"20\" value=\"\" autocomplete=\"new-password\"\n\t\t\t\trequired \n\t\t\t\tpattern=\"(?=.*[a-z])(?=.*[A-Z])(?=.*[0-9]).{6,}\" \/>\n\n\t\t\t\t<div data-component=\"input_accessory\">\n\t\t\t\t\t<div data-component=\"password-checklist\">\n\t\t\t\t\t\t<strong>Password must have: <\/strong>\n\t\t\t\t\t\t<ul class=\"password-checklist__list\">\n\t\t\t\t\t\t\t<li class=\"password-checklist__item\"><span id=\"letter\" class=\"wrong\">A lowercase letter <\/span><\/li>\n\t\t\t\t\t\t\t<li class=\"password-checklist__item\"><span id=\"capital\" class=\"wrong\">A capital letter <\/span><\/li>\n\t\t\t\t\t\t\t<li class=\"password-checklist__item\"><span id=\"number\" class=\"wrong\">A number <\/span><\/li>\n\t\t\t\t\t\t\t<!-- <li class=\"password-checklist__item\"><span id=\"special\" class=\"wrong\">A special character <\/span><\/li> -->\n\t\t\t\t\t\t\t<li class=\"password-checklist__item\"><span id=\"length\" class=\"wrong\">At least 6 character <\/span><\/li>\n\t\t\t\t\t\t<\/ul>\n\t\t\t\t\t<\/div>\n\n\t\t\t\t\t<div data-component=\"password-strength-meter\" data-pwd-field=\"pwd1\">\n\t\t\t\t\t\t<strong>Password strength: <\/strong>\n\t\t\t\t\t\t<meter min=\"0\" max=\"4\" id=\"password-strength-input\" value=\"0\">\n\t\t\t\t\t\t\t<div class=\"meter-gauge\"><span><\/span><\/div>\n\t\t\t\t\t\t<\/meter>\n\t\t\t\t\t\t<p id=\"password-strength-text\"><\/p>\n\t\t\t\t\t<\/div>\n\t\t\t\t<\/div>\n\t\t\t<\/div>\n\t\t<\/div>\n\t\t<div class=\"form-row\">\n\t\t\t<div data-component=\"input_wrapper\" data-required>\n\t\t\t\t<label for=\"pwd2\">Repeat password<\/label>\n\t\t\t\t<input type=\"password\" name=\"pwd2\" id=\"pwd2\" class=\"input\" size=\"20\" value=\"\" autocomplete=\"new-password\" \n\t\t\t\trequired \/>\n\t\t\t<\/div>\n\t\t<\/div>\n\n\t\t\t\t\t<div class=\"recaptcha-container\">\n\t\t\t\t<div class=\"g-recaptcha\" data-sitekey=\"6LcnXbgqAAAAAKN0VPa3TJzcuorlFLsrE6KJBNfR\"><\/div>\n\t\t\t<\/div>\n\t\t\n\t\t<p><\/p>\n\n\t\t<div class=\"form-row\">\n\t\t\t\t\t\t<div data-component=\"input_wrapper\" data-input=\"checkbox\" data-required>\n\t\t\t\t<input type=\"checkbox\" name=\"privacy_generale\" id=\"privacy_generale\" class=\"input\" required \/>\n\t\t\t\t<span><\/span>\n\t\t\t\t<label for=\"privacy_generale\">\n\t\t\t\t\tAccetto tutti i termini e condizioni\n\t\t\t\t\t<a href=\"https:\/\/www.polidesign.net\/wp-content\/uploads\/2021\/02\/Informativa-registrazione-ammissione-e-newsletter_GDPR_Rev2101.pdf\" target=\"_blank\" download>Privacy generale<\/a>\n\t\t\t\t<\/label>\n\t\t\t<\/div>\n\t\t<\/div>\n\n\n\n\t\t<div class=\"form-row form-actions signup-submit\">\n\t\t\t<button type=\"submit\" name=\"submit\" class=\"register-button\"\n\t\t\t\tdata-action=\"signup\">Sign up<\/button>\n\t\t<\/div>\n\t<\/form>\n<\/div>\n","protected":false},"excerpt":{"rendered":"","protected":false},"author":1,"featured_media":0,"parent":0,"menu_order":178,"comment_status":"closed","ping_status":"closed","template":"page-member-register.php","meta":[],"yoast_head":"<!-- This site is optimized with the Yoast SEO plugin v15.7 - https:\/\/yoast.com\/wordpress\/plugins\/seo\/ -->\n<title>Register &bull; POLI.design<\/title>\n<meta name=\"robots\" content=\"index, follow, max-snippet:-1, max-image-preview:large, max-video-preview:-1\" \/>\n<link rel=\"canonical\" href=\"https:\/\/www.polidesign.net\/en\/member-register\/\" \/>\n<meta property=\"og:locale\" content=\"en_US\" \/>\n<meta property=\"og:type\" content=\"article\" \/>\n<meta property=\"og:title\" content=\"Register &bull; POLI.design\" \/>\n<meta property=\"og:url\" content=\"https:\/\/www.polidesign.net\/en\/member-register\/\" \/>\n<meta property=\"og:site_name\" content=\"POLI.design\" \/>\n<meta property=\"article:publisher\" content=\"https:\/\/www.facebook.com\/polidesignmilano\" \/>\n<meta property=\"article:modified_time\" content=\"2021-01-29T01:07:35+00:00\" \/>\n<meta name=\"twitter:card\" content=\"summary_large_image\" \/>\n<meta name=\"twitter:site\" content=\"@POLI_design\" \/>\n<script type=\"application\/ld+json\" class=\"yoast-schema-graph\">{\"@context\":\"https:\/\/schema.org\",\"@graph\":[{\"@type\":\"Organization\",\"@id\":\"https:\/\/www.polidesign.net\/it\/#organization\",\"name\":\"POLI.design\",\"url\":\"https:\/\/www.polidesign.net\/it\/\",\"sameAs\":[\"https:\/\/www.facebook.com\/polidesignmilano\",\"https:\/\/www.instagram.com\/polidesign\/\",\"https:\/\/www.linkedin.com\/company\/polidesign-milano\",\"https:\/\/www.youtube.com\/user\/POLIdesign\",\"https:\/\/twitter.com\/POLI_design\"],\"logo\":{\"@type\":\"ImageObject\",\"@id\":\"https:\/\/www.polidesign.net\/it\/#logo\",\"inLanguage\":\"en-US\",\"url\":\"https:\/\/www.polidesign.net\/wp-content\/uploads\/2020\/10\/Logo-Polidesign-14.svg\",\"width\":182,\"height\":36,\"caption\":\"POLI.design\"},\"image\":{\"@id\":\"https:\/\/www.polidesign.net\/it\/#logo\"}},{\"@type\":\"WebSite\",\"@id\":\"https:\/\/www.polidesign.net\/it\/#website\",\"url\":\"https:\/\/www.polidesign.net\/it\/\",\"name\":\"POLI.design\",\"description\":\"\",\"publisher\":{\"@id\":\"https:\/\/www.polidesign.net\/it\/#organization\"},\"potentialAction\":[{\"@type\":\"SearchAction\",\"target\":\"https:\/\/www.polidesign.net\/it\/?s={search_term_string}\",\"query-input\":\"required name=search_term_string\"}],\"inLanguage\":\"en-US\"},{\"@type\":\"WebPage\",\"@id\":\"https:\/\/www.polidesign.net\/en\/member-register\/#webpage\",\"url\":\"https:\/\/www.polidesign.net\/en\/member-register\/\",\"name\":\"Register &bull; POLI.design\",\"isPartOf\":{\"@id\":\"https:\/\/www.polidesign.net\/it\/#website\"},\"datePublished\":\"2020-11-09T13:29:58+00:00\",\"dateModified\":\"2021-01-29T01:07:35+00:00\",\"inLanguage\":\"en-US\",\"potentialAction\":[{\"@type\":\"ReadAction\",\"target\":[\"https:\/\/www.polidesign.net\/en\/member-register\/\"]}]}]}<\/script>\n<!-- \/ Yoast SEO plugin. -->","_links":{"self":[{"href":"https:\/\/www.polidesign.net\/en\/wp-json\/wp\/v2\/pages\/2056"}],"collection":[{"href":"https:\/\/www.polidesign.net\/en\/wp-json\/wp\/v2\/pages"}],"about":[{"href":"https:\/\/www.polidesign.net\/en\/wp-json\/wp\/v2\/types\/page"}],"author":[{"embeddable":true,"href":"https:\/\/www.polidesign.net\/en\/wp-json\/wp\/v2\/users\/1"}],"replies":[{"embeddable":true,"href":"https:\/\/www.polidesign.net\/en\/wp-json\/wp\/v2\/comments?post=2056"}],"version-history":[{"count":1,"href":"https:\/\/www.polidesign.net\/en\/wp-json\/wp\/v2\/pages\/2056\/revisions"}],"predecessor-version":[{"id":8665,"href":"https:\/\/www.polidesign.net\/en\/wp-json\/wp\/v2\/pages\/2056\/revisions\/8665"}],"wp:attachment":[{"href":"https:\/\/www.polidesign.net\/en\/wp-json\/wp\/v2\/media?parent=2056"}],"curies":[{"name":"wp","href":"https:\/\/api.w.org\/{rel}","templated":true}]}}