{"id":1024,"date":"2020-11-09T13:29:58","date_gmt":"2020-11-09T13:29:58","guid":{"rendered":"https:\/\/wordpress-217325-1566182.cloudwaysapps.com\/member-register\/"},"modified":"2021-01-29T01:07:35","modified_gmt":"2021-01-29T01:07:35","slug":"member-register","status":"publish","type":"page","link":"https:\/\/www.polidesign.net\/it\/member-register\/","title":{"rendered":"Register"},"content":{"rendered":"\n<div id=\"register-form\" class=\"widecolumn\">\n\t<h3>Registrazione nuovo utente<\/h3>\n\n\t\n\t<form id=\"signupform\" data-component=\"form-registrazione\" action=\"https:\/\/www.polidesign.net\/wp-login.php?action=register\" method=\"post\">\n\t\t<div class=\"form-row\">\n\t\t\t<div data-component=\"input_wrapper\" data-required>\n\t\t\t\t<label for=\"first_name\">Nome<\/label>\n\t\t\t\t<input type=\"text\" name=\"first_name\" id=\"first-name\" required autocomplete=\"fname\">\n\t\t\t<\/div>\n\t\t<\/div>\n\n\t\t<div class=\"form-row\">\n\t\t\t<div data-component=\"input_wrapper\" data-required>\n\t\t\t\t<label for=\"last_name\">Cognome<\/label>\n\t\t\t\t<input type=\"text\" name=\"last_name\" id=\"last-name\" required autocomplete=\"lname\">\n\t\t\t<\/div>\n\t\t<\/div>\n\n\t\t<div class=\"form-row\">\n\t\t\t<div data-component=\"input_wrapper\" data-required>\n\t\t\t\t<label for=\"birth-day\">Data di nascita<\/label>\n\t\t\t\t\t\t\t\t<input type=\"text\" name=\"birth_day\" id=\"birth-day\" required max=\"2008-04-13\" autocomplete=\"bday\"\n\t\t\t\tonfocus=\"this.type='date';this.focus();\" \n\t\t\t\tonblur=\"if(this.value == '') this.type='text';\"\n\t\t\t\t>\n\t\t\t<\/div>\n\t\t<\/div>\n\n\t\t<div class=\"form-row\">\n\t\t\t<div data-component=\"input_wrapper\" data-required>\n\t\t\t\t<label for=\"country\">Paese<\/label>\n\t\t\t\t\t\t\t\t<select name=\"country\" id=\"country\" required>\n\t\t\t\t\t<option disabled selected value=\"\">Seleziona un valore<\/option>\n\t\t\t\t\t\t\t\t\t\t\t<option value=\"AF\">Afghanistan<\/option>\n\t\t\t\t\t\t\t\t\t\t\t<option value=\"AL\">Albania<\/option>\n\t\t\t\t\t\t\t\t\t\t\t<option value=\"DZ\">Algeria<\/option>\n\t\t\t\t\t\t\t\t\t\t\t<option value=\"UM\">Altre isole americane del Pacifico<\/option>\n\t\t\t\t\t\t\t\t\t\t\t<option value=\"AD\">Andorra<\/option>\n\t\t\t\t\t\t\t\t\t\t\t<option value=\"AO\">Angola<\/option>\n\t\t\t\t\t\t\t\t\t\t\t<option value=\"AI\">Anguilla<\/option>\n\t\t\t\t\t\t\t\t\t\t\t<option value=\"AQ\">Antartide<\/option>\n\t\t\t\t\t\t\t\t\t\t\t<option value=\"AG\">Antigua e Barbuda<\/option>\n\t\t\t\t\t\t\t\t\t\t\t<option value=\"SA\">Arabia Saudita<\/option>\n\t\t\t\t\t\t\t\t\t\t\t<option value=\"AR\">Argentina<\/option>\n\t\t\t\t\t\t\t\t\t\t\t<option value=\"AM\">Armenia<\/option>\n\t\t\t\t\t\t\t\t\t\t\t<option value=\"AW\">Aruba<\/option>\n\t\t\t\t\t\t\t\t\t\t\t<option value=\"AU\">Australia<\/option>\n\t\t\t\t\t\t\t\t\t\t\t<option value=\"AT\">Austria<\/option>\n\t\t\t\t\t\t\t\t\t\t\t<option value=\"AZ\">Azerbaigian<\/option>\n\t\t\t\t\t\t\t\t\t\t\t<option value=\"BS\">Bahamas<\/option>\n\t\t\t\t\t\t\t\t\t\t\t<option value=\"BH\">Bahrein<\/option>\n\t\t\t\t\t\t\t\t\t\t\t<option value=\"BD\">Bangladesh<\/option>\n\t\t\t\t\t\t\t\t\t\t\t<option value=\"BB\">Barbados<\/option>\n\t\t\t\t\t\t\t\t\t\t\t<option value=\"BE\">Belgio<\/option>\n\t\t\t\t\t\t\t\t\t\t\t<option value=\"BZ\">Belize<\/option>\n\t\t\t\t\t\t\t\t\t\t\t<option value=\"BJ\">Benin<\/option>\n\t\t\t\t\t\t\t\t\t\t\t<option value=\"BM\">Bermuda<\/option>\n\t\t\t\t\t\t\t\t\t\t\t<option value=\"BT\">Bhutan<\/option>\n\t\t\t\t\t\t\t\t\t\t\t<option value=\"BY\">Bielorussia<\/option>\n\t\t\t\t\t\t\t\t\t\t\t<option value=\"BO\">Bolivia<\/option>\n\t\t\t\t\t\t\t\t\t\t\t<option value=\"BA\">Bosnia ed Erzegovina<\/option>\n\t\t\t\t\t\t\t\t\t\t\t<option value=\"BW\">Botswana<\/option>\n\t\t\t\t\t\t\t\t\t\t\t<option value=\"BR\">Brasile<\/option>\n\t\t\t\t\t\t\t\t\t\t\t<option value=\"BN\">Brunei<\/option>\n\t\t\t\t\t\t\t\t\t\t\t<option value=\"BG\">Bulgaria<\/option>\n\t\t\t\t\t\t\t\t\t\t\t<option value=\"BF\">Burkina Faso<\/option>\n\t\t\t\t\t\t\t\t\t\t\t<option value=\"BI\">Burundi<\/option>\n\t\t\t\t\t\t\t\t\t\t\t<option value=\"KH\">Cambogia<\/option>\n\t\t\t\t\t\t\t\t\t\t\t<option value=\"CM\">Camerun<\/option>\n\t\t\t\t\t\t\t\t\t\t\t<option value=\"CA\">Canada<\/option>\n\t\t\t\t\t\t\t\t\t\t\t<option value=\"CV\">Capo Verde<\/option>\n\t\t\t\t\t\t\t\t\t\t\t<option value=\"BQ\">Caraibi olandesi<\/option>\n\t\t\t\t\t\t\t\t\t\t\t<option value=\"CZ\">Cechia<\/option>\n\t\t\t\t\t\t\t\t\t\t\t<option value=\"TD\">Ciad<\/option>\n\t\t\t\t\t\t\t\t\t\t\t<option value=\"CL\">Cile<\/option>\n\t\t\t\t\t\t\t\t\t\t\t<option value=\"CN\">Cina<\/option>\n\t\t\t\t\t\t\t\t\t\t\t<option value=\"CY\">Cipro<\/option>\n\t\t\t\t\t\t\t\t\t\t\t<option value=\"VA\">Citt\u00e0 del Vaticano<\/option>\n\t\t\t\t\t\t\t\t\t\t\t<option value=\"CO\">Colombia<\/option>\n\t\t\t\t\t\t\t\t\t\t\t<option value=\"KM\">Comore<\/option>\n\t\t\t\t\t\t\t\t\t\t\t<option value=\"CD\">Congo - Kinshasa<\/option>\n\t\t\t\t\t\t\t\t\t\t\t<option value=\"CG\">Congo-Brazzaville<\/option>\n\t\t\t\t\t\t\t\t\t\t\t<option value=\"KP\">Corea del Nord<\/option>\n\t\t\t\t\t\t\t\t\t\t\t<option value=\"KR\">Corea del Sud<\/option>\n\t\t\t\t\t\t\t\t\t\t\t<option value=\"CI\">Costa d\u2019Avorio<\/option>\n\t\t\t\t\t\t\t\t\t\t\t<option value=\"CR\">Costa Rica<\/option>\n\t\t\t\t\t\t\t\t\t\t\t<option value=\"HR\">Croazia<\/option>\n\t\t\t\t\t\t\t\t\t\t\t<option value=\"CU\">Cuba<\/option>\n\t\t\t\t\t\t\t\t\t\t\t<option value=\"CW\">Cura\u00e7ao<\/option>\n\t\t\t\t\t\t\t\t\t\t\t<option value=\"DK\">Danimarca<\/option>\n\t\t\t\t\t\t\t\t\t\t\t<option value=\"DM\">Dominica<\/option>\n\t\t\t\t\t\t\t\t\t\t\t<option value=\"EC\">Ecuador<\/option>\n\t\t\t\t\t\t\t\t\t\t\t<option value=\"EG\">Egitto<\/option>\n\t\t\t\t\t\t\t\t\t\t\t<option value=\"SV\">El Salvador<\/option>\n\t\t\t\t\t\t\t\t\t\t\t<option value=\"AE\">Emirati Arabi Uniti<\/option>\n\t\t\t\t\t\t\t\t\t\t\t<option value=\"ER\">Eritrea<\/option>\n\t\t\t\t\t\t\t\t\t\t\t<option value=\"EE\">Estonia<\/option>\n\t\t\t\t\t\t\t\t\t\t\t<option value=\"ET\">Etiopia<\/option>\n\t\t\t\t\t\t\t\t\t\t\t<option value=\"FJ\">Figi<\/option>\n\t\t\t\t\t\t\t\t\t\t\t<option value=\"PH\">Filippine<\/option>\n\t\t\t\t\t\t\t\t\t\t\t<option value=\"FI\">Finlandia<\/option>\n\t\t\t\t\t\t\t\t\t\t\t<option value=\"FR\">Francia<\/option>\n\t\t\t\t\t\t\t\t\t\t\t<option value=\"GA\">Gabon<\/option>\n\t\t\t\t\t\t\t\t\t\t\t<option value=\"GM\">Gambia<\/option>\n\t\t\t\t\t\t\t\t\t\t\t<option value=\"GE\">Georgia<\/option>\n\t\t\t\t\t\t\t\t\t\t\t<option value=\"GS\">Georgia del Sud e Sandwich australi<\/option>\n\t\t\t\t\t\t\t\t\t\t\t<option value=\"DE\">Germania<\/option>\n\t\t\t\t\t\t\t\t\t\t\t<option value=\"GH\">Ghana<\/option>\n\t\t\t\t\t\t\t\t\t\t\t<option value=\"JM\">Giamaica<\/option>\n\t\t\t\t\t\t\t\t\t\t\t<option value=\"JP\">Giappone<\/option>\n\t\t\t\t\t\t\t\t\t\t\t<option value=\"GI\">Gibilterra<\/option>\n\t\t\t\t\t\t\t\t\t\t\t<option value=\"DJ\">Gibuti<\/option>\n\t\t\t\t\t\t\t\t\t\t\t<option value=\"JO\">Giordania<\/option>\n\t\t\t\t\t\t\t\t\t\t\t<option value=\"GR\">Grecia<\/option>\n\t\t\t\t\t\t\t\t\t\t\t<option value=\"GD\">Grenada<\/option>\n\t\t\t\t\t\t\t\t\t\t\t<option value=\"GL\">Groenlandia<\/option>\n\t\t\t\t\t\t\t\t\t\t\t<option value=\"GP\">Guadalupa<\/option>\n\t\t\t\t\t\t\t\t\t\t\t<option value=\"GU\">Guam<\/option>\n\t\t\t\t\t\t\t\t\t\t\t<option value=\"GT\">Guatemala<\/option>\n\t\t\t\t\t\t\t\t\t\t\t<option value=\"GG\">Guernsey<\/option>\n\t\t\t\t\t\t\t\t\t\t\t<option value=\"GN\">Guinea<\/option>\n\t\t\t\t\t\t\t\t\t\t\t<option value=\"GQ\">Guinea Equatoriale<\/option>\n\t\t\t\t\t\t\t\t\t\t\t<option value=\"GW\">Guinea-Bissau<\/option>\n\t\t\t\t\t\t\t\t\t\t\t<option value=\"GY\">Guyana<\/option>\n\t\t\t\t\t\t\t\t\t\t\t<option value=\"GF\">Guyana francese<\/option>\n\t\t\t\t\t\t\t\t\t\t\t<option value=\"HT\">Haiti<\/option>\n\t\t\t\t\t\t\t\t\t\t\t<option value=\"HN\">Honduras<\/option>\n\t\t\t\t\t\t\t\t\t\t\t<option value=\"IN\">India<\/option>\n\t\t\t\t\t\t\t\t\t\t\t<option value=\"ID\">Indonesia<\/option>\n\t\t\t\t\t\t\t\t\t\t\t<option value=\"IR\">Iran<\/option>\n\t\t\t\t\t\t\t\t\t\t\t<option value=\"IQ\">Iraq<\/option>\n\t\t\t\t\t\t\t\t\t\t\t<option value=\"IE\">Irlanda<\/option>\n\t\t\t\t\t\t\t\t\t\t\t<option value=\"IS\">Islanda<\/option>\n\t\t\t\t\t\t\t\t\t\t\t<option value=\"BV\">Isola Bouvet<\/option>\n\t\t\t\t\t\t\t\t\t\t\t<option value=\"CX\">Isola Christmas<\/option>\n\t\t\t\t\t\t\t\t\t\t\t<option value=\"IM\">Isola di Man<\/option>\n\t\t\t\t\t\t\t\t\t\t\t<option value=\"NF\">Isola Norfolk<\/option>\n\t\t\t\t\t\t\t\t\t\t\t<option value=\"AX\">Isole \u00c5land<\/option>\n\t\t\t\t\t\t\t\t\t\t\t<option value=\"KY\">Isole Cayman<\/option>\n\t\t\t\t\t\t\t\t\t\t\t<option value=\"CC\">Isole Cocos (Keeling)<\/option>\n\t\t\t\t\t\t\t\t\t\t\t<option value=\"CK\">Isole Cook<\/option>\n\t\t\t\t\t\t\t\t\t\t\t<option value=\"FO\">Isole F\u00e6r \u00d8er<\/option>\n\t\t\t\t\t\t\t\t\t\t\t<option value=\"FK\">Isole Falkland<\/option>\n\t\t\t\t\t\t\t\t\t\t\t<option value=\"HM\">Isole Heard e McDonald<\/option>\n\t\t\t\t\t\t\t\t\t\t\t<option value=\"MP\">Isole Marianne settentrionali<\/option>\n\t\t\t\t\t\t\t\t\t\t\t<option value=\"MH\">Isole Marshall<\/option>\n\t\t\t\t\t\t\t\t\t\t\t<option value=\"PN\">Isole Pitcairn<\/option>\n\t\t\t\t\t\t\t\t\t\t\t<option value=\"SB\">Isole Salomone<\/option>\n\t\t\t\t\t\t\t\t\t\t\t<option value=\"TC\">Isole Turks e Caicos<\/option>\n\t\t\t\t\t\t\t\t\t\t\t<option value=\"VI\">Isole Vergini Americane<\/option>\n\t\t\t\t\t\t\t\t\t\t\t<option value=\"VG\">Isole Vergini Britanniche<\/option>\n\t\t\t\t\t\t\t\t\t\t\t<option value=\"IL\">Israele<\/option>\n\t\t\t\t\t\t\t\t\t\t\t<option value=\"IT\">Italia<\/option>\n\t\t\t\t\t\t\t\t\t\t\t<option value=\"JE\">Jersey<\/option>\n\t\t\t\t\t\t\t\t\t\t\t<option value=\"KZ\">Kazakistan<\/option>\n\t\t\t\t\t\t\t\t\t\t\t<option value=\"KE\">Kenya<\/option>\n\t\t\t\t\t\t\t\t\t\t\t<option value=\"KG\">Kirghizistan<\/option>\n\t\t\t\t\t\t\t\t\t\t\t<option value=\"KI\">Kiribati<\/option>\n\t\t\t\t\t\t\t\t\t\t\t<option value=\"KW\">Kuwait<\/option>\n\t\t\t\t\t\t\t\t\t\t\t<option value=\"LA\">Laos<\/option>\n\t\t\t\t\t\t\t\t\t\t\t<option value=\"LS\">Lesotho<\/option>\n\t\t\t\t\t\t\t\t\t\t\t<option value=\"LV\">Lettonia<\/option>\n\t\t\t\t\t\t\t\t\t\t\t<option value=\"LB\">Libano<\/option>\n\t\t\t\t\t\t\t\t\t\t\t<option value=\"LR\">Liberia<\/option>\n\t\t\t\t\t\t\t\t\t\t\t<option value=\"LY\">Libia<\/option>\n\t\t\t\t\t\t\t\t\t\t\t<option value=\"LI\">Liechtenstein<\/option>\n\t\t\t\t\t\t\t\t\t\t\t<option value=\"LT\">Lituania<\/option>\n\t\t\t\t\t\t\t\t\t\t\t<option value=\"LU\">Lussemburgo<\/option>\n\t\t\t\t\t\t\t\t\t\t\t<option value=\"MK\">Macedonia del Nord<\/option>\n\t\t\t\t\t\t\t\t\t\t\t<option value=\"MG\">Madagascar<\/option>\n\t\t\t\t\t\t\t\t\t\t\t<option value=\"MW\">Malawi<\/option>\n\t\t\t\t\t\t\t\t\t\t\t<option value=\"MY\">Malaysia<\/option>\n\t\t\t\t\t\t\t\t\t\t\t<option value=\"MV\">Maldive<\/option>\n\t\t\t\t\t\t\t\t\t\t\t<option value=\"ML\">Mali<\/option>\n\t\t\t\t\t\t\t\t\t\t\t<option value=\"MT\">Malta<\/option>\n\t\t\t\t\t\t\t\t\t\t\t<option value=\"MA\">Marocco<\/option>\n\t\t\t\t\t\t\t\t\t\t\t<option value=\"MQ\">Martinica<\/option>\n\t\t\t\t\t\t\t\t\t\t\t<option value=\"MR\">Mauritania<\/option>\n\t\t\t\t\t\t\t\t\t\t\t<option value=\"MU\">Mauritius<\/option>\n\t\t\t\t\t\t\t\t\t\t\t<option value=\"YT\">Mayotte<\/option>\n\t\t\t\t\t\t\t\t\t\t\t<option value=\"MX\">Messico<\/option>\n\t\t\t\t\t\t\t\t\t\t\t<option value=\"FM\">Micronesia<\/option>\n\t\t\t\t\t\t\t\t\t\t\t<option value=\"MD\">Moldavia<\/option>\n\t\t\t\t\t\t\t\t\t\t\t<option value=\"MC\">Monaco<\/option>\n\t\t\t\t\t\t\t\t\t\t\t<option value=\"MN\">Mongolia<\/option>\n\t\t\t\t\t\t\t\t\t\t\t<option value=\"ME\">Montenegro<\/option>\n\t\t\t\t\t\t\t\t\t\t\t<option value=\"MS\">Montserrat<\/option>\n\t\t\t\t\t\t\t\t\t\t\t<option value=\"MZ\">Mozambico<\/option>\n\t\t\t\t\t\t\t\t\t\t\t<option value=\"MM\">Myanmar (Birmania)<\/option>\n\t\t\t\t\t\t\t\t\t\t\t<option value=\"NA\">Namibia<\/option>\n\t\t\t\t\t\t\t\t\t\t\t<option value=\"NR\">Nauru<\/option>\n\t\t\t\t\t\t\t\t\t\t\t<option value=\"NP\">Nepal<\/option>\n\t\t\t\t\t\t\t\t\t\t\t<option value=\"NI\">Nicaragua<\/option>\n\t\t\t\t\t\t\t\t\t\t\t<option value=\"NE\">Niger<\/option>\n\t\t\t\t\t\t\t\t\t\t\t<option value=\"NG\">Nigeria<\/option>\n\t\t\t\t\t\t\t\t\t\t\t<option value=\"NU\">Niue<\/option>\n\t\t\t\t\t\t\t\t\t\t\t<option value=\"NO\">Norvegia<\/option>\n\t\t\t\t\t\t\t\t\t\t\t<option value=\"NC\">Nuova Caledonia<\/option>\n\t\t\t\t\t\t\t\t\t\t\t<option value=\"NZ\">Nuova Zelanda<\/option>\n\t\t\t\t\t\t\t\t\t\t\t<option value=\"OM\">Oman<\/option>\n\t\t\t\t\t\t\t\t\t\t\t<option value=\"NL\">Paesi Bassi<\/option>\n\t\t\t\t\t\t\t\t\t\t\t<option value=\"PK\">Pakistan<\/option>\n\t\t\t\t\t\t\t\t\t\t\t<option value=\"PW\">Palau<\/option>\n\t\t\t\t\t\t\t\t\t\t\t<option value=\"PA\">Panam\u00e1<\/option>\n\t\t\t\t\t\t\t\t\t\t\t<option value=\"PG\">Papua Nuova Guinea<\/option>\n\t\t\t\t\t\t\t\t\t\t\t<option value=\"PY\">Paraguay<\/option>\n\t\t\t\t\t\t\t\t\t\t\t<option value=\"PE\">Per\u00f9<\/option>\n\t\t\t\t\t\t\t\t\t\t\t<option value=\"PF\">Polinesia francese<\/option>\n\t\t\t\t\t\t\t\t\t\t\t<option value=\"PL\">Polonia<\/option>\n\t\t\t\t\t\t\t\t\t\t\t<option value=\"PT\">Portogallo<\/option>\n\t\t\t\t\t\t\t\t\t\t\t<option value=\"PR\">Portorico<\/option>\n\t\t\t\t\t\t\t\t\t\t\t<option value=\"QA\">Qatar<\/option>\n\t\t\t\t\t\t\t\t\t\t\t<option value=\"HK\">RAS di Hong Kong<\/option>\n\t\t\t\t\t\t\t\t\t\t\t<option value=\"MO\">RAS di Macao<\/option>\n\t\t\t\t\t\t\t\t\t\t\t<option value=\"GB\">Regno Unito<\/option>\n\t\t\t\t\t\t\t\t\t\t\t<option value=\"CF\">Repubblica Centrafricana<\/option>\n\t\t\t\t\t\t\t\t\t\t\t<option value=\"DO\">Repubblica Dominicana<\/option>\n\t\t\t\t\t\t\t\t\t\t\t<option value=\"RE\">Riunione<\/option>\n\t\t\t\t\t\t\t\t\t\t\t<option value=\"RO\">Romania<\/option>\n\t\t\t\t\t\t\t\t\t\t\t<option value=\"RW\">Ruanda<\/option>\n\t\t\t\t\t\t\t\t\t\t\t<option value=\"RU\">Russia<\/option>\n\t\t\t\t\t\t\t\t\t\t\t<option value=\"EH\">Sahara occidentale<\/option>\n\t\t\t\t\t\t\t\t\t\t\t<option value=\"KN\">Saint Kitts e Nevis<\/option>\n\t\t\t\t\t\t\t\t\t\t\t<option value=\"LC\">Saint Lucia<\/option>\n\t\t\t\t\t\t\t\t\t\t\t<option value=\"MF\">Saint Martin<\/option>\n\t\t\t\t\t\t\t\t\t\t\t<option value=\"VC\">Saint Vincent e Grenadine<\/option>\n\t\t\t\t\t\t\t\t\t\t\t<option value=\"BL\">Saint-Barth\u00e9lemy<\/option>\n\t\t\t\t\t\t\t\t\t\t\t<option value=\"PM\">Saint-Pierre e Miquelon<\/option>\n\t\t\t\t\t\t\t\t\t\t\t<option value=\"WS\">Samoa<\/option>\n\t\t\t\t\t\t\t\t\t\t\t<option value=\"AS\">Samoa americane<\/option>\n\t\t\t\t\t\t\t\t\t\t\t<option value=\"SM\">San Marino<\/option>\n\t\t\t\t\t\t\t\t\t\t\t<option value=\"SH\">Sant\u2019Elena<\/option>\n\t\t\t\t\t\t\t\t\t\t\t<option value=\"ST\">S\u00e3o Tom\u00e9 e Pr\u00edncipe<\/option>\n\t\t\t\t\t\t\t\t\t\t\t<option value=\"SN\">Senegal<\/option>\n\t\t\t\t\t\t\t\t\t\t\t<option value=\"RS\">Serbia<\/option>\n\t\t\t\t\t\t\t\t\t\t\t<option value=\"SC\">Seychelles<\/option>\n\t\t\t\t\t\t\t\t\t\t\t<option value=\"SL\">Sierra Leone<\/option>\n\t\t\t\t\t\t\t\t\t\t\t<option value=\"SG\">Singapore<\/option>\n\t\t\t\t\t\t\t\t\t\t\t<option value=\"SX\">Sint Maarten<\/option>\n\t\t\t\t\t\t\t\t\t\t\t<option value=\"SY\">Siria<\/option>\n\t\t\t\t\t\t\t\t\t\t\t<option value=\"SK\">Slovacchia<\/option>\n\t\t\t\t\t\t\t\t\t\t\t<option value=\"SI\">Slovenia<\/option>\n\t\t\t\t\t\t\t\t\t\t\t<option value=\"SO\">Somalia<\/option>\n\t\t\t\t\t\t\t\t\t\t\t<option value=\"ES\">Spagna<\/option>\n\t\t\t\t\t\t\t\t\t\t\t<option value=\"LK\">Sri Lanka<\/option>\n\t\t\t\t\t\t\t\t\t\t\t<option value=\"US\">Stati Uniti<\/option>\n\t\t\t\t\t\t\t\t\t\t\t<option value=\"SS\">Sud Sudan<\/option>\n\t\t\t\t\t\t\t\t\t\t\t<option value=\"ZA\">Sudafrica<\/option>\n\t\t\t\t\t\t\t\t\t\t\t<option value=\"SD\">Sudan<\/option>\n\t\t\t\t\t\t\t\t\t\t\t<option value=\"SR\">Suriname<\/option>\n\t\t\t\t\t\t\t\t\t\t\t<option value=\"SJ\">Svalbard e Jan Mayen<\/option>\n\t\t\t\t\t\t\t\t\t\t\t<option value=\"SE\">Svezia<\/option>\n\t\t\t\t\t\t\t\t\t\t\t<option value=\"CH\">Svizzera<\/option>\n\t\t\t\t\t\t\t\t\t\t\t<option value=\"SZ\">Swaziland<\/option>\n\t\t\t\t\t\t\t\t\t\t\t<option value=\"TJ\">Tagikistan<\/option>\n\t\t\t\t\t\t\t\t\t\t\t<option value=\"TW\">Taiwan<\/option>\n\t\t\t\t\t\t\t\t\t\t\t<option value=\"TZ\">Tanzania<\/option>\n\t\t\t\t\t\t\t\t\t\t\t<option value=\"TF\">Terre australi francesi<\/option>\n\t\t\t\t\t\t\t\t\t\t\t<option value=\"PS\">Territori palestinesi<\/option>\n\t\t\t\t\t\t\t\t\t\t\t<option value=\"IO\">Territorio britannico dell\u2019Oceano Indiano<\/option>\n\t\t\t\t\t\t\t\t\t\t\t<option value=\"TH\">Thailandia<\/option>\n\t\t\t\t\t\t\t\t\t\t\t<option value=\"TL\">Timor Est<\/option>\n\t\t\t\t\t\t\t\t\t\t\t<option value=\"TG\">Togo<\/option>\n\t\t\t\t\t\t\t\t\t\t\t<option value=\"TK\">Tokelau<\/option>\n\t\t\t\t\t\t\t\t\t\t\t<option value=\"TO\">Tonga<\/option>\n\t\t\t\t\t\t\t\t\t\t\t<option value=\"TT\">Trinidad e Tobago<\/option>\n\t\t\t\t\t\t\t\t\t\t\t<option value=\"TN\">Tunisia<\/option>\n\t\t\t\t\t\t\t\t\t\t\t<option value=\"TR\">Turchia<\/option>\n\t\t\t\t\t\t\t\t\t\t\t<option value=\"TM\">Turkmenistan<\/option>\n\t\t\t\t\t\t\t\t\t\t\t<option value=\"TV\">Tuvalu<\/option>\n\t\t\t\t\t\t\t\t\t\t\t<option value=\"UA\">Ucraina<\/option>\n\t\t\t\t\t\t\t\t\t\t\t<option value=\"UG\">Uganda<\/option>\n\t\t\t\t\t\t\t\t\t\t\t<option value=\"HU\">Ungheria<\/option>\n\t\t\t\t\t\t\t\t\t\t\t<option value=\"UY\">Uruguay<\/option>\n\t\t\t\t\t\t\t\t\t\t\t<option value=\"UZ\">Uzbekistan<\/option>\n\t\t\t\t\t\t\t\t\t\t\t<option value=\"VU\">Vanuatu<\/option>\n\t\t\t\t\t\t\t\t\t\t\t<option value=\"VE\">Venezuela<\/option>\n\t\t\t\t\t\t\t\t\t\t\t<option value=\"VN\">Vietnam<\/option>\n\t\t\t\t\t\t\t\t\t\t\t<option value=\"WF\">Wallis e Futuna<\/option>\n\t\t\t\t\t\t\t\t\t\t\t<option value=\"YE\">Yemen<\/option>\n\t\t\t\t\t\t\t\t\t\t\t<option value=\"ZM\">Zambia<\/option>\n\t\t\t\t\t\t\t\t\t\t\t<option value=\"ZW\">Zimbabwe<\/option>\n\t\t\t\t\t\t\t\t\t<\/select>\n\t\t\t<\/div>\n\t\t<\/div>\n\n\t\t<div class=\"form-row\">\n\t\t\t<div data-component=\"input_wrapper\" data-required>\n\t\t\t\t<label for=\"qualification\">Titolo di studio<\/label>\n\t\t\t\t\t\t\t\t<select name=\"qualification\" id=\"qualification\" required>\n\t\t\t\t\t<option disabled selected value=\"\">Seleziona un'opzione<\/option>\n\t\t\t\t\t\t\t\t\t\t\t<option value=\"high-school\">High School<\/option>\n\t\t\t\t\t\t\t\t\t\t\t<option value=\"degree\">Degree<\/option>\n\t\t\t\t\t\t\t\t\t<\/select>\n\t\t\t<\/div>\n\t\t<\/div>\n\n\t\t<div class=\"form-row\">\n\t\t\t<div data-component=\"input_wrapper\" data-required>\n\t\t\t\t<label for=\"university\">Universit\u00e0 frequentata<\/label>\n\t\t\t\t\t\t\t\t<select name=\"university\" id=\"university\" required>\n\t\t\t\t\t<option disabled selected value=\"\">Seleziona un'opzione<\/option>\n\t\t\t\t\t\t\t\t\t\t\t<option value=\"polimi\">Polimi<\/option>\n\t\t\t\t\t\t\t\t\t\t\t<option value=\"sapienza-universita-di-roma\">Sapienza - Universit\u00e0 di Roma<\/option>\n\t\t\t\t\t\n\t\t\t\t\t<option value=\"00other\">Altro - Specificare sotto<\/option>\n\t\t\t\t<\/select>\n\n\t\t\t\t<div data-component=\"complementary-field\">\n\t\t\t\t\t<div data-component=\"input_wrapper\">\n\t\t\t\t\t\t<label for=\"university_other\">Altro<\/label>\n\t\t\t\t\t\t<input type=\"text\" name=\"university_other\" id=\"university_other\">\n\t\t\t\t\t<\/div>\n\t\t\t\t<\/div>\n\t\t\t<\/div>\n\t\t<\/div>\n\n\n\t\t<div class=\"form-row\" data-required>\n\t\t\t<div data-component=\"input_wrapper\" data-required>\n\t\t\t\t<label for=\"tel\">Recapito telefonico<\/label>\n\t\t\t\t<input type=\"tel\" name=\"tel\" id=\"tel\" required autocomplete=\"tel\">\n\t\t\t<\/div>\n\t\t<\/div>\n\n\t\t<div class=\"form-row\" data-required>\n\t\t\t<div data-component=\"input_wrapper\" data-required>\n\t\t\t\t<label for=\"email\">Email<\/label>\n\t\t\t\t<input type=\"email\" name=\"email\" id=\"email\" required autocomplete=\"email username\">\n\t\t\t<\/div>\n\t\t<\/div>\n\n\t\t<!-- <p class=\"form-row\">\n\t\t\tNota: la tua password verr\u00e0 generata automaticamente e inviata tramite e-mail all'indirizzo specificato sopra.\t\t<\/p> -->\n\n\t\t<div class=\"form-row\">\n\t\t\t<div data-component=\"input_wrapper\" data-required>\n\t\t\t\t<label for=\"pwd1\">Password<\/label>\n\t\t\t\t<input type=\"password\" name=\"pwd1\" id=\"pwd1\" class=\"input\" size=\"20\" value=\"\" autocomplete=\"new-password\"\n\t\t\t\trequired \n\t\t\t\tpattern=\"(?=.*[a-z])(?=.*[A-Z])(?=.*[0-9]).{6,}\" \/>\n\n\t\t\t\t<div data-component=\"input_accessory\">\n\t\t\t\t\t<div data-component=\"password-checklist\">\n\t\t\t\t\t\t<strong>La password deve avere: <\/strong>\n\t\t\t\t\t\t<ul class=\"password-checklist__list\">\n\t\t\t\t\t\t\t<li class=\"password-checklist__item\"><span id=\"letter\" class=\"wrong\">Una lettera minuscola<\/span><\/li>\n\t\t\t\t\t\t\t<li class=\"password-checklist__item\"><span id=\"capital\" class=\"wrong\">Una lettera maiuscola<\/span><\/li>\n\t\t\t\t\t\t\t<li class=\"password-checklist__item\"><span id=\"number\" class=\"wrong\">Un numero<\/span><\/li>\n\t\t\t\t\t\t\t<!-- <li class=\"password-checklist__item\"><span id=\"special\" class=\"wrong\">Un carattere speciale<\/span><\/li> -->\n\t\t\t\t\t\t\t<li class=\"password-checklist__item\"><span id=\"length\" class=\"wrong\">Almeno 6 caratteri<\/span><\/li>\n\t\t\t\t\t\t<\/ul>\n\t\t\t\t\t<\/div>\n\n\t\t\t\t\t<div data-component=\"password-strength-meter\" data-pwd-field=\"pwd1\">\n\t\t\t\t\t\t<strong>Sicurezza password: <\/strong>\n\t\t\t\t\t\t<meter min=\"0\" max=\"4\" id=\"password-strength-input\" value=\"0\">\n\t\t\t\t\t\t\t<div class=\"meter-gauge\"><span><\/span><\/div>\n\t\t\t\t\t\t<\/meter>\n\t\t\t\t\t\t<p id=\"password-strength-text\"><\/p>\n\t\t\t\t\t<\/div>\n\t\t\t\t<\/div>\n\t\t\t<\/div>\n\t\t<\/div>\n\t\t<div class=\"form-row\">\n\t\t\t<div data-component=\"input_wrapper\" data-required>\n\t\t\t\t<label for=\"pwd2\">Ripeti password<\/label>\n\t\t\t\t<input type=\"password\" name=\"pwd2\" id=\"pwd2\" class=\"input\" size=\"20\" value=\"\" autocomplete=\"new-password\" \n\t\t\t\trequired \/>\n\t\t\t<\/div>\n\t\t<\/div>\n\n\t\t\t\t\t<div class=\"recaptcha-container\">\n\t\t\t\t<div class=\"g-recaptcha\" data-sitekey=\"6LcnXbgqAAAAAKN0VPa3TJzcuorlFLsrE6KJBNfR\"><\/div>\n\t\t\t<\/div>\n\t\t\n\t\t<p><\/p>\n\n\t\t<div class=\"form-row\">\n\t\t\t\t\t\t<div data-component=\"input_wrapper\" data-input=\"checkbox\" data-required>\n\t\t\t\t<input type=\"checkbox\" name=\"privacy_generale\" id=\"privacy_generale\" class=\"input\" required \/>\n\t\t\t\t<span><\/span>\n\t\t\t\t<label for=\"privacy_generale\">\n\t\t\t\t\tAccetto tutti i termini e condizioni\n\t\t\t\t\t<a href=\"https:\/\/www.polidesign.net\/wp-content\/uploads\/2021\/02\/Informativa-registrazione-ammissione-e-newsletter_GDPR_Rev2101.pdf\" target=\"_blank\" download>Privacy generale<\/a>\n\t\t\t\t<\/label>\n\t\t\t<\/div>\n\t\t<\/div>\n\n\n\n\t\t<div class=\"form-row form-actions signup-submit\">\n\t\t\t<button type=\"submit\" name=\"submit\" class=\"register-button\"\n\t\t\t\tdata-action=\"signup\">Registrati<\/button>\n\t\t<\/div>\n\t<\/form>\n<\/div>\n","protected":false},"excerpt":{"rendered":"","protected":false},"author":1,"featured_media":0,"parent":0,"menu_order":179,"comment_status":"closed","ping_status":"closed","template":"page-member-register.php","meta":[],"yoast_head":"<!-- This site is optimized with the Yoast SEO plugin v15.7 - https:\/\/yoast.com\/wordpress\/plugins\/seo\/ -->\n<title>Register &bull; POLI.design<\/title>\n<meta name=\"robots\" content=\"index, follow, max-snippet:-1, max-image-preview:large, max-video-preview:-1\" \/>\n<link rel=\"canonical\" href=\"https:\/\/www.polidesign.net\/it\/member-register\/\" \/>\n<meta property=\"og:locale\" content=\"it_IT\" \/>\n<meta property=\"og:type\" content=\"article\" \/>\n<meta property=\"og:title\" content=\"Register &bull; POLI.design\" \/>\n<meta property=\"og:url\" content=\"https:\/\/www.polidesign.net\/it\/member-register\/\" \/>\n<meta property=\"og:site_name\" content=\"POLI.design\" \/>\n<meta property=\"article:publisher\" content=\"https:\/\/www.facebook.com\/polidesignmilano\" \/>\n<meta property=\"article:modified_time\" content=\"2021-01-29T01:07:35+00:00\" \/>\n<meta name=\"twitter:card\" content=\"summary_large_image\" \/>\n<meta name=\"twitter:site\" content=\"@POLI_design\" \/>\n<script type=\"application\/ld+json\" class=\"yoast-schema-graph\">{\"@context\":\"https:\/\/schema.org\",\"@graph\":[{\"@type\":\"Organization\",\"@id\":\"https:\/\/www.polidesign.net\/it\/#organization\",\"name\":\"POLI.design\",\"url\":\"https:\/\/www.polidesign.net\/it\/\",\"sameAs\":[\"https:\/\/www.facebook.com\/polidesignmilano\",\"https:\/\/www.instagram.com\/polidesign\/\",\"https:\/\/www.linkedin.com\/company\/polidesign-milano\",\"https:\/\/www.youtube.com\/user\/POLIdesign\",\"https:\/\/twitter.com\/POLI_design\"],\"logo\":{\"@type\":\"ImageObject\",\"@id\":\"https:\/\/www.polidesign.net\/it\/#logo\",\"inLanguage\":\"it-IT\",\"url\":\"https:\/\/www.polidesign.net\/wp-content\/uploads\/2020\/10\/Logo-Polidesign-14.svg\",\"width\":182,\"height\":36,\"caption\":\"POLI.design\"},\"image\":{\"@id\":\"https:\/\/www.polidesign.net\/it\/#logo\"}},{\"@type\":\"WebSite\",\"@id\":\"https:\/\/www.polidesign.net\/it\/#website\",\"url\":\"https:\/\/www.polidesign.net\/it\/\",\"name\":\"POLI.design\",\"description\":\"\",\"publisher\":{\"@id\":\"https:\/\/www.polidesign.net\/it\/#organization\"},\"potentialAction\":[{\"@type\":\"SearchAction\",\"target\":\"https:\/\/www.polidesign.net\/it\/?s={search_term_string}\",\"query-input\":\"required name=search_term_string\"}],\"inLanguage\":\"it-IT\"},{\"@type\":\"WebPage\",\"@id\":\"https:\/\/www.polidesign.net\/it\/member-register\/#webpage\",\"url\":\"https:\/\/www.polidesign.net\/it\/member-register\/\",\"name\":\"Register &bull; POLI.design\",\"isPartOf\":{\"@id\":\"https:\/\/www.polidesign.net\/it\/#website\"},\"datePublished\":\"2020-11-09T13:29:58+00:00\",\"dateModified\":\"2021-01-29T01:07:35+00:00\",\"inLanguage\":\"it-IT\",\"potentialAction\":[{\"@type\":\"ReadAction\",\"target\":[\"https:\/\/www.polidesign.net\/it\/member-register\/\"]}]}]}<\/script>\n<!-- \/ Yoast SEO plugin. -->","_links":{"self":[{"href":"https:\/\/www.polidesign.net\/it\/wp-json\/wp\/v2\/pages\/1024"}],"collection":[{"href":"https:\/\/www.polidesign.net\/it\/wp-json\/wp\/v2\/pages"}],"about":[{"href":"https:\/\/www.polidesign.net\/it\/wp-json\/wp\/v2\/types\/page"}],"author":[{"embeddable":true,"href":"https:\/\/www.polidesign.net\/it\/wp-json\/wp\/v2\/users\/1"}],"replies":[{"embeddable":true,"href":"https:\/\/www.polidesign.net\/it\/wp-json\/wp\/v2\/comments?post=1024"}],"version-history":[{"count":1,"href":"https:\/\/www.polidesign.net\/it\/wp-json\/wp\/v2\/pages\/1024\/revisions"}],"predecessor-version":[{"id":8664,"href":"https:\/\/www.polidesign.net\/it\/wp-json\/wp\/v2\/pages\/1024\/revisions\/8664"}],"wp:attachment":[{"href":"https:\/\/www.polidesign.net\/it\/wp-json\/wp\/v2\/media?parent=1024"}],"curies":[{"name":"wp","href":"https:\/\/api.w.org\/{rel}","templated":true}]}}